{"id":542,"date":"2019-09-15T08:56:18","date_gmt":"2019-09-15T08:56:18","guid":{"rendered":"http:\/\/mktronix.com\/?page_id=542"},"modified":"2022-11-08T15:30:25","modified_gmt":"2022-11-08T14:30:25","slug":"impressum-en","status":"publish","type":"page","link":"https:\/\/mktronix.com\/index.php\/en\/impressum-en\/","title":{"rendered":"Impressum-EN"},"content":{"rendered":"\t\t<div data-elementor-type=\"wp-page\" data-elementor-id=\"542\" class=\"elementor elementor-542\">\n\t\t\t\t\t\t<section class=\"elementor-section elementor-top-section elementor-element elementor-element-2d0baa96 navbar elementor-section-full_width elementor-section-content-middle elementor-section-height-default elementor-section-height-default\" data-id=\"2d0baa96\" data-element_type=\"section\" data-settings=\"{&quot;background_background&quot;:&quot;classic&quot;}\">\n\t\t\t\t\t\t<div class=\"elementor-container elementor-column-gap-default\">\n\t\t\t\t\t<div class=\"elementor-column elementor-col-100 elementor-top-column elementor-element elementor-element-6dba39ff\" data-id=\"6dba39ff\" data-element_type=\"column\">\n\t\t\t<div class=\"elementor-widget-wrap elementor-element-populated\">\n\t\t\t\t\t\t<div class=\"elementor-element elementor-element-32fce4c3 cpel-switcher--align-center cpel-switcher--layout-horizontal elementor-widget elementor-widget-polylang-language-switcher\" data-id=\"32fce4c3\" data-element_type=\"widget\" data-widget_type=\"polylang-language-switcher.default\">\n\t\t\t\t<div class=\"elementor-widget-container\">\n\t\t\t<nav class=\"cpel-switcher__nav\"><ul class=\"cpel-switcher__list\"><li class=\"cpel-switcher__lang\"><a lang=\"de-DE\" hreflang=\"de-DE\" href=\"https:\/\/mktronix.com\/index.php\/impressum-de\/\"><span class=\"cpel-switcher__name\">Deutsch<\/span><\/a><\/li><li class=\"cpel-switcher__lang\"><a lang=\"en-GB\" hreflang=\"en-GB\" href=\"https:\/\/mktronix.com\/index.php\/en\/impressum-en\/\"><span class=\"cpel-switcher__name\">English<\/span><\/a><\/li><li class=\"cpel-switcher__lang\"><a lang=\"zh-CN\" hreflang=\"zh-CN\" href=\"https:\/\/mktronix.com\/index.php\/zh\/impressum-cn\/\"><span class=\"cpel-switcher__name\">\u4e2d\u6587 (\u4e2d\u56fd)<\/span><\/a><\/li><\/ul><\/nav>\t\t<\/div>\n\t\t\t\t<\/div>\n\t\t\t\t\t<\/div>\n\t\t<\/div>\n\t\t\t\t\t<\/div>\n\t\t<\/section>\n\t\t\t\t<section class=\"elementor-section elementor-top-section elementor-element elementor-element-4689bad elementor-section-boxed elementor-section-height-default elementor-section-height-default\" data-id=\"4689bad\" data-element_type=\"section\">\n\t\t\t\t\t\t<div class=\"elementor-container elementor-column-gap-default\">\n\t\t\t\t\t<div class=\"elementor-column elementor-col-100 elementor-top-column elementor-element elementor-element-97407a4\" data-id=\"97407a4\" data-element_type=\"column\">\n\t\t\t<div class=\"elementor-widget-wrap elementor-element-populated\">\n\t\t\t\t\t\t<div class=\"elementor-element elementor-element-b72ed2b elementor-widget elementor-widget-html\" data-id=\"b72ed2b\" data-element_type=\"widget\" data-widget_type=\"html.default\">\n\t\t\t\t<div class=\"elementor-widget-container\">\n\t\t\t<script type=\"text\/javascript\" src=\"http:\/\/www.mktronix.com\/stat\/pws.php?mode=js\"><\/script>\n<noscript> <img decoding=\"async\" src=\"https:\/\/www.mktronix.com\/stat\/pws.php?mode=img\" style=\"border:0;width:1px;height:1px\" alt=\"noscript-img\"> <\/noscript>\t\t<\/div>\n\t\t\t\t<\/div>\n\t\t\t\t<div class=\"elementor-element elementor-element-339d979 elementor-widget elementor-widget-heading\" data-id=\"339d979\" data-element_type=\"widget\" data-widget_type=\"heading.default\">\n\t\t\t\t<div class=\"elementor-widget-container\">\n\t\t\t<h2 class=\"elementor-heading-title elementor-size-default\">Imprint<\/h2>\t\t<\/div>\n\t\t\t\t<\/div>\n\t\t\t\t<div class=\"elementor-element elementor-element-0be8e0b elementor-widget elementor-widget-text-editor\" data-id=\"0be8e0b\" data-element_type=\"widget\" data-widget_type=\"text-editor.default\">\n\t\t\t\t<div class=\"elementor-widget-container\">\n\t\t\t\t\t\t\t<p>Angaben gem\u00e4\u00df \u00a7 5 TMG<\/p>\n<p>mktronix, Ingenieurb\u00fcro Michael Kaiser<\/p>\n<p>Danziger Stra\u00dfe 11<\/p>\n<p>67677 Enkenbach-Alsenborn<\/p>\n<p>Deutschland<\/p>\n<p>Telefon: +49 (0) 63038008575<\/p>\n<p>Telefax: +49 (0) 63038008574<\/p>\n<p>E-Mail: hello (at) mktronix.com<\/p>\n<p>Umsatzsteuer-ID DE262453884<\/p>\n<p>Wir sind nicht bereit oder verpflichtet, an Streitbeilegungsverfahren vor einer Verbraucherschlichtungsstelle teilzunehmen.<\/p>\n<p>Haftung f\u00fcr Inhalte<\/p>\n<p>Als Diensteanbieter sind wir gem\u00e4\u00df \u00a7 7 Abs.1 TMG f\u00fcr eigene Inhalte auf diesen Seiten nach den allgemeinen Gesetzen verantwortlich. Nach \u00a7\u00a7 8 bis 10 TMG sind wir als Diensteanbieter jedoch nicht verpflichtet, \u00fcbermittelte oder gespeicherte fremde Informationen zu \u00fcberwachen oder nach Umst\u00e4nden zu forschen, die auf eine rechtswidrige T\u00e4tigkeit hinweisen.<\/p>\n<p>Verpflichtungen zur Entfernung oder Sperrung der Nutzung von Informationen nach den allgemeinen Gesetzen bleiben hiervon unber\u00fchrt. Eine diesbez\u00fcgliche Haftung ist jedoch erst ab dem Zeitpunkt der Kenntnis einer konkreten Rechtsverletzung m\u00f6glich. Bei Bekanntwerden von entsprechenden Rechtsverletzungen werden wir diese Inhalte umgehend entfernen.<\/p>\n<p>Haftung f\u00fcr Links<\/p>\n<p>Unser Angebot enth\u00e4lt Links zu externen Websites Dritter, auf deren Inhalte wir keinen Einfluss haben. Deshalb k\u00f6nnen wir f\u00fcr diese fremden Inhalte auch keine Gew\u00e4hr \u00fcbernehmen. F\u00fcr die Inhalte der verlinkten Seiten ist stets der jeweilige Anbieter oder Betreiber der Seiten verantwortlich. Die verlinkten Seiten wurden zum Zeitpunkt der Verlinkung auf m\u00f6gliche Rechtsverst\u00f6\u00dfe \u00fcberpr\u00fcft. Rechtswidrige Inhalte waren zum Zeitpunkt der Verlinkung nicht erkennbar.<\/p>\n<p>Eine permanente inhaltliche Kontrolle der verlinkten Seiten ist jedoch ohne konkrete Anhaltspunkte einer Rechtsverletzung nicht zumutbar. Bei Bekanntwerden von Rechtsverletzungen werden wir derartige Links umgehend entfernen.<\/p>\n<p>Urheberrecht<\/p>\n<p>Die durch die Seitenbetreiber erstellten Inhalte und Werke auf diesen Seiten unterliegen dem deutschen Urheberrecht. Die Vervielf\u00e4ltigung, Bearbeitung, Verbreitung und jede Art der Verwertung au\u00dferhalb der Grenzen des Urheberrechtes bed\u00fcrfen der schriftlichen Zustimmung des jeweiligen Autors bzw. Erstellers. Downloads und Kopien dieser Seite sind nur f\u00fcr den privaten, nicht kommerziellen Gebrauch gestattet.<\/p>\n<p>Soweit die Inhalte auf dieser Seite nicht vom Betreiber erstellt wurden, werden die Urheberrechte Dritter beachtet. Insbesondere werden Inhalte Dritter als solche gekennzeichnet. Sollten Sie trotzdem auf eine Urheberrechtsverletzung aufmerksam werden, bitten wir um einen entsprechenden Hinweis. Bei Bekanntwerden von Rechtsverletzungen werden wir derartige Inhalte umgehend entfernen.<\/p>\n<p>Quelle:<\/p>\n<p>eRecht24&nbsp;<\/p>\t\t\t\t\t\t<\/div>\n\t\t\t\t<\/div>\n\t\t\t\t\t<\/div>\n\t\t<\/div>\n\t\t\t\t\t<\/div>\n\t\t<\/section>\n\t\t\t\t<section class=\"elementor-section elementor-top-section elementor-element elementor-element-c2c1b09 animated-slow elementor-section-boxed elementor-section-height-default elementor-section-height-default elementor-invisible\" data-id=\"c2c1b09\" data-element_type=\"section\" data-settings=\"{&quot;background_background&quot;:&quot;classic&quot;,&quot;animation&quot;:&quot;fadeIn&quot;,&quot;animation_delay&quot;:400}\">\n\t\t\t\t\t\t<div class=\"elementor-container elementor-column-gap-default\">\n\t\t\t\t\t<div class=\"elementor-column elementor-col-33 elementor-top-column elementor-element elementor-element-9c7362e\" data-id=\"9c7362e\" data-element_type=\"column\">\n\t\t\t<div class=\"elementor-widget-wrap elementor-element-populated\">\n\t\t\t\t\t\t<div class=\"elementor-element elementor-element-53caf7e elementor-align-left footer elementor-icon-list--layout-traditional elementor-list-item-link-full_width elementor-widget elementor-widget-icon-list\" data-id=\"53caf7e\" data-element_type=\"widget\" data-widget_type=\"icon-list.default\">\n\t\t\t\t<div class=\"elementor-widget-container\">\n\t\t\t\t\t<ul class=\"elementor-icon-list-items\">\n\t\t\t\t\t\t\t<li class=\"elementor-icon-list-item\">\n\t\t\t\t\t\t\t\t\t\t\t<a href=\"http:\/\/mktronix.com\/index.php\/en\/datenschutz-en\/\">\n\n\t\t\t\t\t\t\t\t\t\t\t<span class=\"elementor-icon-list-text\">Privacy<\/span>\n\t\t\t\t\t\t\t\t\t\t\t<\/a>\n\t\t\t\t\t\t\t\t\t<\/li>\n\t\t\t\t\t\t<\/ul>\n\t\t\t\t<\/div>\n\t\t\t\t<\/div>\n\t\t\t\t\t<\/div>\n\t\t<\/div>\n\t\t\t\t<div class=\"elementor-column elementor-col-33 elementor-top-column elementor-element elementor-element-9d5bed0\" data-id=\"9d5bed0\" data-element_type=\"column\">\n\t\t\t<div class=\"elementor-widget-wrap elementor-element-populated\">\n\t\t\t\t\t\t<div class=\"elementor-element elementor-element-b1f04f4 elementor-align-left footer elementor-icon-list--layout-traditional elementor-list-item-link-full_width elementor-widget elementor-widget-icon-list\" data-id=\"b1f04f4\" data-element_type=\"widget\" data-widget_type=\"icon-list.default\">\n\t\t\t\t<div class=\"elementor-widget-container\">\n\t\t\t\t\t<ul class=\"elementor-icon-list-items\">\n\t\t\t\t\t\t\t<li class=\"elementor-icon-list-item\">\n\t\t\t\t\t\t\t\t\t\t\t<a href=\"http:\/\/mktronix.com\/index.php\/en\/start-en\/\">\n\n\t\t\t\t\t\t\t\t\t\t\t<span class=\"elementor-icon-list-text\">Home<\/span>\n\t\t\t\t\t\t\t\t\t\t\t<\/a>\n\t\t\t\t\t\t\t\t\t<\/li>\n\t\t\t\t\t\t<\/ul>\n\t\t\t\t<\/div>\n\t\t\t\t<\/div>\n\t\t\t\t\t<\/div>\n\t\t<\/div>\n\t\t\t\t<div class=\"elementor-column elementor-col-33 elementor-top-column elementor-element elementor-element-a286ebd\" data-id=\"a286ebd\" data-element_type=\"column\">\n\t\t\t<div class=\"elementor-widget-wrap elementor-element-populated\">\n\t\t\t\t\t\t<div class=\"elementor-element elementor-element-7d8c0ca elementor-widget elementor-widget-shortcode\" data-id=\"7d8c0ca\" data-element_type=\"widget\" data-widget_type=\"shortcode.default\">\n\t\t\t\t<div class=\"elementor-widget-container\">\n\t\t\t\t\t<div class=\"elementor-shortcode\"><b><p style=\"font-size:small\"> <font color=\"white\">2008 - 2026 \u00a9 mktronix.com<\/p><\/b><\/div>\n\t\t\t\t<\/div>\n\t\t\t\t<\/div>\n\t\t\t\t\t<\/div>\n\t\t<\/div>\n\t\t\t\t\t<\/div>\n\t\t<\/section>\n\t\t\t\t<\/div>\n\t\t","protected":false},"excerpt":{"rendered":"<p>Deutsch English \u4e2d\u6587 (\u4e2d\u56fd) Imprint Angaben gem\u00e4\u00df \u00a7 5 TMG mktronix, Ingenieurb\u00fcro Michael Kaiser Danziger Stra\u00dfe 11 67677 Enkenbach-Alsenborn Deutschland Telefon: +49 (0) 63038008575 Telefax: +49 (0) 63038008574 E-Mail: hello (at) mktronix.com Umsatzsteuer-ID DE262453884 Wir sind nicht bereit oder verpflichtet, an Streitbeilegungsverfahren vor einer Verbraucherschlichtungsstelle teilzunehmen. Haftung f\u00fcr Inhalte Als Diensteanbieter sind wir gem\u00e4\u00df \u00a7&hellip;&nbsp;<a href=\"https:\/\/mktronix.com\/index.php\/en\/impressum-en\/\" rel=\"bookmark\">Read More &raquo;<span class=\"screen-reader-text\">Impressum-EN<\/span><\/a><\/p>\n","protected":false},"author":5,"featured_media":0,"parent":0,"menu_order":0,"comment_status":"closed","ping_status":"closed","template":"elementor_canvas","meta":{"neve_meta_sidebar":"","neve_meta_container":"","neve_meta_enable_content_width":"","neve_meta_content_width":70,"neve_meta_title_alignment":"","neve_meta_author_avatar":"","neve_post_elements_order":"","neve_meta_disable_header":"on","neve_meta_disable_footer":"","neve_meta_disable_title":"on","footnotes":""},"class_list":["post-542","page","type-page","status-publish","hentry"],"yoast_head":"<!-- This site is optimized with the Yoast SEO plugin v23.9 - https:\/\/yoast.com\/wordpress\/plugins\/seo\/ -->\n<title>Impressum-EN - mktronix<\/title>\n<meta name=\"robots\" content=\"index, follow, max-snippet:-1, max-image-preview:large, max-video-preview:-1\" \/>\n<link rel=\"canonical\" href=\"https:\/\/mktronix.com\/index.php\/en\/impressum-en\/\" \/>\n<meta property=\"og:locale\" content=\"en_US\" \/>\n<meta property=\"og:type\" content=\"article\" \/>\n<meta property=\"og:title\" content=\"Impressum-EN - mktronix\" \/>\n<meta property=\"og:description\" content=\"Deutsch English \u4e2d\u6587 (\u4e2d\u56fd) Imprint Angaben gem\u00e4\u00df \u00a7 5 TMG mktronix, Ingenieurb\u00fcro Michael Kaiser Danziger Stra\u00dfe 11 67677 Enkenbach-Alsenborn Deutschland Telefon: +49 (0) 63038008575 Telefax: +49 (0) 63038008574 E-Mail: hello (at) mktronix.com Umsatzsteuer-ID DE262453884 Wir sind nicht bereit oder verpflichtet, an Streitbeilegungsverfahren vor einer Verbraucherschlichtungsstelle teilzunehmen. Haftung f\u00fcr Inhalte Als Diensteanbieter sind wir gem\u00e4\u00df \u00a7&hellip;&nbsp;Read More &raquo;Impressum-EN\" \/>\n<meta property=\"og:url\" content=\"https:\/\/mktronix.com\/index.php\/en\/impressum-en\/\" \/>\n<meta property=\"og:site_name\" content=\"mktronix\" \/>\n<meta property=\"article:modified_time\" content=\"2022-11-08T14:30:25+00:00\" \/>\n<meta property=\"og:image\" content=\"https:\/\/www.mktronix.com\/stat\/pws.php?mode=img\" \/>\n<meta name=\"twitter:card\" content=\"summary_large_image\" \/>\n<meta name=\"twitter:label1\" content=\"Est. reading time\" \/>\n\t<meta name=\"twitter:data1\" content=\"2 minutes\" \/>\n<script type=\"application\/ld+json\" class=\"yoast-schema-graph\">{\"@context\":\"https:\/\/schema.org\",\"@graph\":[{\"@type\":\"WebPage\",\"@id\":\"https:\/\/mktronix.com\/index.php\/en\/impressum-en\/\",\"url\":\"https:\/\/mktronix.com\/index.php\/en\/impressum-en\/\",\"name\":\"Impressum-EN - mktronix\",\"isPartOf\":{\"@id\":\"https:\/\/mktronix.com\/#website\"},\"primaryImageOfPage\":{\"@id\":\"https:\/\/mktronix.com\/index.php\/en\/impressum-en\/#primaryimage\"},\"image\":{\"@id\":\"https:\/\/mktronix.com\/index.php\/en\/impressum-en\/#primaryimage\"},\"thumbnailUrl\":\"https:\/\/www.mktronix.com\/stat\/pws.php?mode=img\",\"datePublished\":\"2019-09-15T08:56:18+00:00\",\"dateModified\":\"2022-11-08T14:30:25+00:00\",\"breadcrumb\":{\"@id\":\"https:\/\/mktronix.com\/index.php\/en\/impressum-en\/#breadcrumb\"},\"inLanguage\":\"en-US\",\"potentialAction\":[{\"@type\":\"ReadAction\",\"target\":[\"https:\/\/mktronix.com\/index.php\/en\/impressum-en\/\"]}]},{\"@type\":\"ImageObject\",\"inLanguage\":\"en-US\",\"@id\":\"https:\/\/mktronix.com\/index.php\/en\/impressum-en\/#primaryimage\",\"url\":\"https:\/\/www.mktronix.com\/stat\/pws.php?mode=img\",\"contentUrl\":\"https:\/\/www.mktronix.com\/stat\/pws.php?mode=img\"},{\"@type\":\"BreadcrumbList\",\"@id\":\"https:\/\/mktronix.com\/index.php\/en\/impressum-en\/#breadcrumb\",\"itemListElement\":[{\"@type\":\"ListItem\",\"position\":1,\"name\":\"Home\",\"item\":\"https:\/\/mktronix.com\/\"},{\"@type\":\"ListItem\",\"position\":2,\"name\":\"Impressum-EN\"}]},{\"@type\":\"WebSite\",\"@id\":\"https:\/\/mktronix.com\/#website\",\"url\":\"https:\/\/mktronix.com\/\",\"name\":\"mktronix\",\"description\":\"electronics design and consulting\",\"potentialAction\":[{\"@type\":\"SearchAction\",\"target\":{\"@type\":\"EntryPoint\",\"urlTemplate\":\"https:\/\/mktronix.com\/?s={search_term_string}\"},\"query-input\":{\"@type\":\"PropertyValueSpecification\",\"valueRequired\":true,\"valueName\":\"search_term_string\"}}],\"inLanguage\":\"en-US\"}]}<\/script>\n<!-- \/ Yoast SEO plugin. -->","yoast_head_json":{"title":"Impressum-EN - mktronix","robots":{"index":"index","follow":"follow","max-snippet":"max-snippet:-1","max-image-preview":"max-image-preview:large","max-video-preview":"max-video-preview:-1"},"canonical":"https:\/\/mktronix.com\/index.php\/en\/impressum-en\/","og_locale":"en_US","og_type":"article","og_title":"Impressum-EN - mktronix","og_description":"Deutsch English \u4e2d\u6587 (\u4e2d\u56fd) Imprint Angaben gem\u00e4\u00df \u00a7 5 TMG mktronix, Ingenieurb\u00fcro Michael Kaiser Danziger Stra\u00dfe 11 67677 Enkenbach-Alsenborn Deutschland Telefon: +49 (0) 63038008575 Telefax: +49 (0) 63038008574 E-Mail: hello (at) mktronix.com Umsatzsteuer-ID DE262453884 Wir sind nicht bereit oder verpflichtet, an Streitbeilegungsverfahren vor einer Verbraucherschlichtungsstelle teilzunehmen. Haftung f\u00fcr Inhalte Als Diensteanbieter sind wir gem\u00e4\u00df \u00a7&hellip;&nbsp;Read More &raquo;Impressum-EN","og_url":"https:\/\/mktronix.com\/index.php\/en\/impressum-en\/","og_site_name":"mktronix","article_modified_time":"2022-11-08T14:30:25+00:00","og_image":[{"url":"https:\/\/www.mktronix.com\/stat\/pws.php?mode=img"}],"twitter_card":"summary_large_image","twitter_misc":{"Est. reading time":"2 minutes"},"schema":{"@context":"https:\/\/schema.org","@graph":[{"@type":"WebPage","@id":"https:\/\/mktronix.com\/index.php\/en\/impressum-en\/","url":"https:\/\/mktronix.com\/index.php\/en\/impressum-en\/","name":"Impressum-EN - mktronix","isPartOf":{"@id":"https:\/\/mktronix.com\/#website"},"primaryImageOfPage":{"@id":"https:\/\/mktronix.com\/index.php\/en\/impressum-en\/#primaryimage"},"image":{"@id":"https:\/\/mktronix.com\/index.php\/en\/impressum-en\/#primaryimage"},"thumbnailUrl":"https:\/\/www.mktronix.com\/stat\/pws.php?mode=img","datePublished":"2019-09-15T08:56:18+00:00","dateModified":"2022-11-08T14:30:25+00:00","breadcrumb":{"@id":"https:\/\/mktronix.com\/index.php\/en\/impressum-en\/#breadcrumb"},"inLanguage":"en-US","potentialAction":[{"@type":"ReadAction","target":["https:\/\/mktronix.com\/index.php\/en\/impressum-en\/"]}]},{"@type":"ImageObject","inLanguage":"en-US","@id":"https:\/\/mktronix.com\/index.php\/en\/impressum-en\/#primaryimage","url":"https:\/\/www.mktronix.com\/stat\/pws.php?mode=img","contentUrl":"https:\/\/www.mktronix.com\/stat\/pws.php?mode=img"},{"@type":"BreadcrumbList","@id":"https:\/\/mktronix.com\/index.php\/en\/impressum-en\/#breadcrumb","itemListElement":[{"@type":"ListItem","position":1,"name":"Home","item":"https:\/\/mktronix.com\/"},{"@type":"ListItem","position":2,"name":"Impressum-EN"}]},{"@type":"WebSite","@id":"https:\/\/mktronix.com\/#website","url":"https:\/\/mktronix.com\/","name":"mktronix","description":"electronics design and consulting","potentialAction":[{"@type":"SearchAction","target":{"@type":"EntryPoint","urlTemplate":"https:\/\/mktronix.com\/?s={search_term_string}"},"query-input":{"@type":"PropertyValueSpecification","valueRequired":true,"valueName":"search_term_string"}}],"inLanguage":"en-US"}]}},"_links":{"self":[{"href":"https:\/\/mktronix.com\/index.php\/wp-json\/wp\/v2\/pages\/542","targetHints":{"allow":["GET"]}}],"collection":[{"href":"https:\/\/mktronix.com\/index.php\/wp-json\/wp\/v2\/pages"}],"about":[{"href":"https:\/\/mktronix.com\/index.php\/wp-json\/wp\/v2\/types\/page"}],"author":[{"embeddable":true,"href":"https:\/\/mktronix.com\/index.php\/wp-json\/wp\/v2\/users\/5"}],"replies":[{"embeddable":true,"href":"https:\/\/mktronix.com\/index.php\/wp-json\/wp\/v2\/comments?post=542"}],"version-history":[{"count":19,"href":"https:\/\/mktronix.com\/index.php\/wp-json\/wp\/v2\/pages\/542\/revisions"}],"predecessor-version":[{"id":1075,"href":"https:\/\/mktronix.com\/index.php\/wp-json\/wp\/v2\/pages\/542\/revisions\/1075"}],"wp:attachment":[{"href":"https:\/\/mktronix.com\/index.php\/wp-json\/wp\/v2\/media?parent=542"}],"curies":[{"name":"wp","href":"https:\/\/api.w.org\/{rel}","templated":true}]}}